{"id":165,"date":"2020-08-03T13:20:19","date_gmt":"2020-08-03T16:20:19","guid":{"rendered":"https:\/\/hezagonobrasil.com.br\/?page_id=165"},"modified":"2025-09-15T17:23:44","modified_gmt":"2025-09-15T20:23:44","slug":"orcamento","status":"publish","type":"page","link":"https:\/\/hezagonobrasil.com.br\/en\/orcamento\/","title":{"rendered":"Budget"},"content":{"rendered":"\t\t<div data-elementor-type=\"wp-page\" data-elementor-id=\"165\" class=\"elementor elementor-165\" data-elementor-settings=\"[]\">\n\t\t\t<div class=\"elementor-inner\">\n\t\t\t\t<div class=\"elementor-section-wrap\">\n\t\t\t\t\t\t\t<section class=\"elementor-element elementor-element-61e81102 elementor-section-full_width elementor-section-height-min-height elementor-section-height-default elementor-section-items-middle elementor-section elementor-top-section\" data-id=\"61e81102\" data-element_type=\"section\" data-settings=\"{&quot;background_background&quot;:&quot;classic&quot;}\">\n\t\t\t\t\t\t<div class=\"elementor-container elementor-column-gap-default\">\n\t\t\t\t<div class=\"elementor-row\">\n\t\t\t\t<div class=\"elementor-element elementor-element-7d823365 elementor-column elementor-col-100 elementor-top-column\" data-id=\"7d823365\" data-element_type=\"column\">\n\t\t\t<div class=\"elementor-column-wrap  elementor-element-populated\">\n\t\t\t\t\t<div class=\"elementor-widget-wrap\">\n\t\t\t\t<section class=\"elementor-element elementor-element-2fd18068 elementor-reverse-mobile elementor-section-boxed elementor-section-height-default elementor-section-height-default elementor-section elementor-inner-section\" data-id=\"2fd18068\" data-element_type=\"section\">\n\t\t\t\t\t\t<div class=\"elementor-container elementor-column-gap-default\">\n\t\t\t\t<div class=\"elementor-row\">\n\t\t\t\t<div class=\"elementor-element elementor-element-32160c8e elementor-column elementor-col-50 elementor-inner-column\" data-id=\"32160c8e\" data-element_type=\"column\">\n\t\t\t<div class=\"elementor-column-wrap  elementor-element-populated\">\n\t\t\t\t\t<div class=\"elementor-widget-wrap\">\n\t\t\t\t<div class=\"elementor-element elementor-element-10af56fa elementor-widget elementor-widget-heading\" data-id=\"10af56fa\" data-element_type=\"widget\" data-widget_type=\"heading.default\">\n\t\t\t\t<div class=\"elementor-widget-container\">\n\t\t\t<h1 class=\"elementor-heading-title elementor-size-default\">Pe\u00e7a um or\u00e7amento<\/h1>\t\t<\/div>\n\t\t\t\t<\/div>\n\t\t\t\t<div class=\"elementor-element elementor-element-66ac41c elementor-widget elementor-widget-text-editor\" data-id=\"66ac41c\" data-element_type=\"widget\" data-widget_type=\"text-editor.default\">\n\t\t\t\t<div class=\"elementor-widget-container\">\n\t\t\t\t\t<div class=\"elementor-text-editor elementor-clearfix\"><p>Preencha o formul\u00e1rio abaixo e aguarde nosso retorno ou mande uma mensagem e fale com a gente agora.<\/p><\/div>\n\t\t\t\t<\/div>\n\t\t\t\t<\/div>\n\t\t\t\t<div class=\"elementor-element elementor-element-3542c86 elementor-align-left elementor-tablet-align-center elementor-mobile-align-center elementor-widget__width-auto elementor-widget-mobile__width-inherit elementor-hidden-tablet elementor-widget elementor-widget-button\" data-id=\"3542c86\" data-element_type=\"widget\" data-widget_type=\"button.default\">\n\t\t\t\t<div class=\"elementor-widget-container\">\n\t\t\t\t\t<div class=\"elementor-button-wrapper\">\n\t\t\t<a href=\"#estimateForm\" class=\"elementor-button-link elementor-button elementor-size-md\" role=\"button\">\n\t\t\t\t\t\t<span class=\"elementor-button-content-wrapper\">\n\t\t\t\t\t\t<span class=\"elementor-button-text\">Pedir or\u00e7amento<\/span>\n\t\t<\/span>\n\t\t\t\t\t<\/a>\n\t\t<\/div>\n\t\t\t\t<\/div>\n\t\t\t\t<\/div>\n\t\t\t\t<div class=\"elementor-element elementor-element-44e6d762 elementor-align-left elementor-tablet-align-center elementor-mobile-align-center elementor-widget__width-auto elementor-hidden-phone elementor-hidden-tablet elementor-widget elementor-widget-button\" data-id=\"44e6d762\" data-element_type=\"widget\" data-widget_type=\"button.default\">\n\t\t\t\t<div class=\"elementor-widget-container\">\n\t\t\t\t\t<div class=\"elementor-button-wrapper\">\n\t\t\t<a href=\"https:\/\/api.whatsapp.com\/send?phone=5521995870649\" target=\"_blank\" rel=\"nofollow\" class=\"elementor-button-link elementor-button elementor-size-md\" role=\"button\">\n\t\t\t\t\t\t<span class=\"elementor-button-content-wrapper\">\n\t\t\t\t\t\t<span class=\"elementor-button-icon elementor-align-icon-right\">\n\t\t\t\t<i aria-hidden=\"true\" class=\"fas fa-long-arrow-alt-right\"><\/i>\t\t\t<\/span>\n\t\t\t\t\t\t<span class=\"elementor-button-text\">Mande um Whatsapp<\/span>\n\t\t<\/span>\n\t\t\t\t\t<\/a>\n\t\t<\/div>\n\t\t\t\t<\/div>\n\t\t\t\t<\/div>\n\t\t\t\t\t\t<\/div>\n\t\t\t<\/div>\n\t\t<\/div>\n\t\t\t\t<div class=\"elementor-element elementor-element-2430a7c4 elementor-column elementor-col-50 elementor-inner-column\" data-id=\"2430a7c4\" data-element_type=\"column\" data-settings=\"{&quot;motion_fx_motion_fx_scrolling&quot;:&quot;yes&quot;,&quot;motion_fx_translateY_effect&quot;:&quot;yes&quot;,&quot;motion_fx_translateY_speed&quot;:{&quot;unit&quot;:&quot;px&quot;,&quot;size&quot;:1,&quot;sizes&quot;:[]},&quot;motion_fx_translateY_affectedRange&quot;:{&quot;unit&quot;:&quot;%&quot;,&quot;size&quot;:&quot;&quot;,&quot;sizes&quot;:{&quot;start&quot;:0,&quot;end&quot;:100}},&quot;motion_fx_devices&quot;:[&quot;desktop&quot;,&quot;tablet&quot;,&quot;mobile&quot;]}\">\n\t\t\t<div class=\"elementor-column-wrap\">\n\t\t\t\t\t<div class=\"elementor-widget-wrap\">\n\t\t\t\t\t\t<\/div>\n\t\t\t<\/div>\n\t\t<\/div>\n\t\t\t\t\t\t<\/div>\n\t\t\t<\/div>\n\t\t<\/section>\n\t\t\t\t\t\t<\/div>\n\t\t\t<\/div>\n\t\t<\/div>\n\t\t\t\t\t\t<\/div>\n\t\t\t<\/div>\n\t\t<\/section>\n\t\t\t\t<section class=\"elementor-element elementor-element-45b6caf0 elementor-section-boxed elementor-section-height-default elementor-section-height-default elementor-section elementor-top-section\" data-id=\"45b6caf0\" data-element_type=\"section\" id=\"estimateForm\">\n\t\t\t\t\t\t<div class=\"elementor-container elementor-column-gap-default\">\n\t\t\t\t<div class=\"elementor-row\">\n\t\t\t\t<div class=\"elementor-element elementor-element-49ba87a5 elementor-column elementor-col-100 elementor-top-column\" data-id=\"49ba87a5\" data-element_type=\"column\">\n\t\t\t<div class=\"elementor-column-wrap  elementor-element-populated\">\n\t\t\t\t\t<div class=\"elementor-widget-wrap\">\n\t\t\t\t<section class=\"elementor-element elementor-element-7e4c5868 elementor-section-boxed elementor-section-height-default elementor-section-height-default elementor-section elementor-inner-section\" data-id=\"7e4c5868\" data-element_type=\"section\">\n\t\t\t\t\t\t<div class=\"elementor-container elementor-column-gap-default\">\n\t\t\t\t<div class=\"elementor-row\">\n\t\t\t\t<div class=\"elementor-element elementor-element-6860c58b elementor-column elementor-col-100 elementor-inner-column\" data-id=\"6860c58b\" data-element_type=\"column\">\n\t\t\t<div class=\"elementor-column-wrap  elementor-element-populated\">\n\t\t\t\t\t<div class=\"elementor-widget-wrap\">\n\t\t\t\t<div class=\"elementor-element elementor-element-564500f elementor-button-align-start elementor-tablet-button-align-center elementor-mobile-button-align-center elementor-widget elementor-widget-form\" data-id=\"564500f\" data-element_type=\"widget\" data-settings=\"{&quot;button_width_tablet&quot;:&quot;100&quot;,&quot;button_width_mobile&quot;:&quot;100&quot;,&quot;step_next_label&quot;:&quot;Next&quot;,&quot;step_previous_label&quot;:&quot;Previous&quot;,&quot;step_type&quot;:&quot;number_text&quot;,&quot;step_icon_shape&quot;:&quot;circle&quot;}\" data-widget_type=\"form.default\">\n\t\t\t\t<div class=\"elementor-widget-container\">\n\t\t\t\t\t<form class=\"elementor-form\" method=\"post\" name=\"Or\u00e7amento\">\n\t\t\t<input type=\"hidden\" name=\"post_id\" value=\"165\"\/>\n\t\t\t<input type=\"hidden\" name=\"form_id\" value=\"564500f\"\/>\n\n\t\t\t\n\t\t\t<div class=\"elementor-form-fields-wrapper elementor-labels-\">\n\t\t\t\t\t\t\t\t<div class=\"elementor-field-type-text elementor-field-group elementor-column elementor-field-group-name elementor-col-50 elementor-field-required\">\n\t\t\t\t\t<label for=\"form-field-name\" class=\"elementor-field-label elementor-screen-only\">Nome<\/label><input size=\"1\" type=\"text\" name=\"form_fields[name]\" id=\"form-field-name\" class=\"elementor-field elementor-size-md  elementor-field-textual\" placeholder=\"Nome\" required=\"required\" aria-required=\"true\">\t\t\t\t<\/div>\n\t\t\t\t\t\t\t\t<div class=\"elementor-field-type-email elementor-field-group elementor-column elementor-field-group-email elementor-col-50 elementor-field-required\">\n\t\t\t\t\t<label for=\"form-field-email\" class=\"elementor-field-label elementor-screen-only\">Email<\/label><input size=\"1\" type=\"email\" name=\"form_fields[email]\" id=\"form-field-email\" class=\"elementor-field elementor-size-md  elementor-field-textual\" placeholder=\"Email\" required=\"required\" aria-required=\"true\">\t\t\t\t<\/div>\n\t\t\t\t\t\t\t\t<div class=\"elementor-field-type-maskphone_with_ddd elementor-field-group elementor-column elementor-field-group-telefone elementor-col-50\">\n\t\t\t\t\t<label for=\"form-field-telefone\" class=\"elementor-field-label elementor-screen-only\">Telefone<\/label><input size=\"1\" type=\"tel\" name=\"form_fields[telefone]\" id=\"form-field-telefone\" class=\"elementor-field elementor-size-md  elementor-field-textual phone_with_ddd\" placeholder=\"Telefone\">\t\t\t\t<\/div>\n\t\t\t\t\t\t\t\t<div class=\"elementor-field-type-text elementor-field-group elementor-column elementor-field-group-field_54ea0da elementor-col-50\">\n\t\t\t\t\t<label for=\"form-field-field_54ea0da\" class=\"elementor-field-label elementor-screen-only\">Nome da Empresa<\/label><input size=\"1\" type=\"text\" name=\"form_fields[field_54ea0da]\" id=\"form-field-field_54ea0da\" class=\"elementor-field elementor-size-md  elementor-field-textual\" placeholder=\"Nome da Empresa\">\t\t\t\t<\/div>\n\t\t\t\t\t\t\t\t<div class=\"elementor-field-type-text elementor-field-group elementor-column elementor-field-group-field_3c4c977 elementor-col-100\">\n\t\t\t\t\t<label for=\"form-field-field_3c4c977\" class=\"elementor-field-label elementor-screen-only\">Regi\u00e3o de interesse<\/label><input size=\"1\" type=\"text\" name=\"form_fields[field_3c4c977]\" id=\"form-field-field_3c4c977\" class=\"elementor-field elementor-size-md  elementor-field-textual\" placeholder=\"Regi\u00e3o de interesse\">\t\t\t\t<\/div>\n\t\t\t\t\t\t\t\t<div class=\"elementor-field-type-select elementor-field-group elementor-column elementor-field-group-field_d0507e9 elementor-col-100 elementor-field-required\">\n\t\t\t\t\t<label for=\"form-field-field_d0507e9\" class=\"elementor-field-label elementor-screen-only\">Verba para campanha<\/label>\t\t<div class=\"elementor-field elementor-select-wrapper \">\n\t\t\t<select name=\"form_fields[field_d0507e9]\" id=\"form-field-field_d0507e9\" class=\"elementor-field-textual elementor-size-md\" required=\"required\" aria-required=\"true\">\n\t\t\t\t<option value=\"Qual a verba para a sua campanha?\">Qual a verba para a sua campanha?<\/option><option value=\"ate_5_mil\">At\u00e9 5 mil reais<\/option><option value=\"ate_10_mil\">At\u00e9 10 mil reais<\/option><option value=\"ate_50_mil\">At\u00e9 50 mil reais<\/option><option value=\"outro\">Outro<\/option>\t\t\t<\/select>\n\t\t<\/div>\n\t\t\t\t\t\t<\/div>\n\t\t\t\t\t\t\t\t<div class=\"elementor-field-type-textarea elementor-field-group elementor-column elementor-field-group-message elementor-col-100 elementor-field-required\">\n\t\t\t\t\t<label for=\"form-field-message\" class=\"elementor-field-label elementor-screen-only\">Mensagem<\/label><textarea class=\"elementor-field-textual elementor-field  elementor-size-md\" name=\"form_fields[message]\" id=\"form-field-message\" rows=\"7\" placeholder=\"Descreva aqui o que voc\u00ea precisa\" required=\"required\" aria-required=\"true\"><\/textarea>\t\t\t\t<\/div>\n\t\t\t\t\t\t\t\t<div class=\"elementor-field-type-text\">\n\t\t\t\t\t<input size=\"1\" type=\"text\" name=\"form_fields[field_nome]\" id=\"form-field-field_nome\" class=\"elementor-field elementor-size-md \" style=\"display:none !important;\">\t\t\t\t<\/div>\n\t\t\t\t\t\t\t\t<div class=\"elementor-field-group elementor-column elementor-field-type-submit elementor-col-100 e-form__buttons elementor-md-100 elementor-sm-100\">\n\t\t\t\t\t<button type=\"submit\" class=\"elementor-button elementor-size-md\">\n\t\t\t\t\t\t<span >\n\t\t\t\t\t\t\t\t\t\t\t\t\t\t\t<span class=\" elementor-button-icon\">\n\t\t\t\t\t\t\t\t\t\t\t\t\t\t\t\t\t\t\t\t\t\t\t\t\t\t<\/span>\n\t\t\t\t\t\t\t\t\t\t\t\t\t\t\t\t\t\t\t\t\t\t<span class=\"elementor-button-text\">Solicitar or\u00e7amento<\/span>\n\t\t\t\t\t\t\t\t\t\t\t\t\t<\/span>\n\t\t\t\t\t<\/button>\n\t\t\t\t<\/div>\n\t\t\t<\/div>\n\t\t<\/form>\n\t\t\t\t<\/div>\n\t\t\t\t<\/div>\n\t\t\t\t\t\t<\/div>\n\t\t\t<\/div>\n\t\t<\/div>\n\t\t\t\t\t\t<\/div>\n\t\t\t<\/div>\n\t\t<\/section>\n\t\t\t\t\t\t<\/div>\n\t\t\t<\/div>\n\t\t<\/div>\n\t\t\t\t\t\t<\/div>\n\t\t\t<\/div>\n\t\t<\/section>\n\t\t\t\t\t\t<\/div>\n\t\t\t<\/div>\n\t\t<\/div>\n\t\t","protected":false},"excerpt":{"rendered":"<p>Pe\u00e7a um or\u00e7amento Preencha o formul\u00e1rio abaixo e aguarde nosso retorno ou mande uma mensagem e fale com a gente agora. Pedir or\u00e7amento Mande um Whatsapp<\/p>","protected":false},"author":1,"featured_media":0,"parent":0,"menu_order":0,"comment_status":"closed","ping_status":"closed","template":"elementor_header_footer","meta":{"footnotes":""},"yoast_head":"<!-- This site is optimized with the Yoast SEO plugin v22.4 - https:\/\/yoast.com\/wordpress\/plugins\/seo\/ -->\n<title>Or\u00e7amento - Hezagono | Projetos de m\u00eddia OOH<\/title>\n<meta name=\"description\" content=\"Or\u00e7amento de m\u00eddia OOH e outdoor com a Hezagono. Solicite sua proposta e descubra como transformar cidades com publicidade de impacto.\" \/>\n<meta name=\"robots\" content=\"index, follow, max-snippet:-1, max-image-preview:large, max-video-preview:-1\" \/>\n<link rel=\"canonical\" href=\"https:\/\/hezagonobrasil.com.br\/en\/orcamento\/\" \/>\n<meta property=\"og:locale\" content=\"en_US\" \/>\n<meta property=\"og:type\" content=\"article\" \/>\n<meta property=\"og:title\" content=\"Or\u00e7amento - Hezagono | Projetos de m\u00eddia OOH\" \/>\n<meta property=\"og:description\" content=\"Or\u00e7amento de m\u00eddia OOH e outdoor com a Hezagono. Solicite sua proposta e descubra como transformar cidades com publicidade de impacto.\" \/>\n<meta property=\"og:url\" content=\"https:\/\/hezagonobrasil.com.br\/en\/orcamento\/\" \/>\n<meta property=\"og:site_name\" content=\"Hezagono\" \/>\n<meta property=\"article:publisher\" content=\"https:\/\/www.facebook.com\/HezagonoBrasil\/\" \/>\n<meta property=\"article:modified_time\" content=\"2025-09-15T20:23:44+00:00\" \/>\n<meta name=\"twitter:card\" content=\"summary_large_image\" \/>\n<meta name=\"twitter:label1\" content=\"Est. reading time\" \/>\n\t<meta name=\"twitter:data1\" content=\"1 minute\" \/>\n<script type=\"application\/ld+json\" class=\"yoast-schema-graph\">{\"@context\":\"https:\/\/schema.org\",\"@graph\":[{\"@type\":\"WebPage\",\"@id\":\"https:\/\/hezagonobrasil.com.br\/orcamento\/\",\"url\":\"https:\/\/hezagonobrasil.com.br\/orcamento\/\",\"name\":\"Or\u00e7amento - Hezagono | Projetos de m\u00eddia OOH\",\"isPartOf\":{\"@id\":\"https:\/\/hezagonobrasil.com.br\/#website\"},\"datePublished\":\"2020-08-03T16:20:19+00:00\",\"dateModified\":\"2025-09-15T20:23:44+00:00\",\"description\":\"Or\u00e7amento de m\u00eddia OOH e outdoor com a Hezagono. Solicite sua proposta e descubra como transformar cidades com publicidade de impacto.\",\"breadcrumb\":{\"@id\":\"https:\/\/hezagonobrasil.com.br\/orcamento\/#breadcrumb\"},\"inLanguage\":\"en-US\",\"potentialAction\":[{\"@type\":\"ReadAction\",\"target\":[\"https:\/\/hezagonobrasil.com.br\/orcamento\/\"]}]},{\"@type\":\"BreadcrumbList\",\"@id\":\"https:\/\/hezagonobrasil.com.br\/orcamento\/#breadcrumb\",\"itemListElement\":[{\"@type\":\"ListItem\",\"position\":1,\"name\":\"In\u00edcio\",\"item\":\"https:\/\/hezagonobrasil.com.br\/\"},{\"@type\":\"ListItem\",\"position\":2,\"name\":\"Or\u00e7amento\"}]},{\"@type\":\"WebSite\",\"@id\":\"https:\/\/hezagonobrasil.com.br\/#website\",\"url\":\"https:\/\/hezagonobrasil.com.br\/\",\"name\":\"Hezagono\",\"description\":\"Planejamento, estrat\u00e9gia e coordena\u00e7\u00e3o de campanhas com m\u00eddia OOH.\",\"publisher\":{\"@id\":\"https:\/\/hezagonobrasil.com.br\/#organization\"},\"potentialAction\":[{\"@type\":\"SearchAction\",\"target\":{\"@type\":\"EntryPoint\",\"urlTemplate\":\"https:\/\/hezagonobrasil.com.br\/?s={search_term_string}\"},\"query-input\":\"required name=search_term_string\"}],\"inLanguage\":\"en-US\"},{\"@type\":\"Organization\",\"@id\":\"https:\/\/hezagonobrasil.com.br\/#organization\",\"name\":\"Hezagono\",\"url\":\"https:\/\/hezagonobrasil.com.br\/\",\"logo\":{\"@type\":\"ImageObject\",\"inLanguage\":\"en-US\",\"@id\":\"https:\/\/hezagonobrasil.com.br\/#\/schema\/logo\/image\/\",\"url\":\"https:\/\/hezagonobrasil.com.br\/wp-content\/uploads\/2020\/08\/hezagono-logo-final.png\",\"contentUrl\":\"https:\/\/hezagonobrasil.com.br\/wp-content\/uploads\/2020\/08\/hezagono-logo-final.png\",\"width\":873,\"height\":291,\"caption\":\"Hezagono\"},\"image\":{\"@id\":\"https:\/\/hezagonobrasil.com.br\/#\/schema\/logo\/image\/\"},\"sameAs\":[\"https:\/\/www.facebook.com\/HezagonoBrasil\/\",\"https:\/\/www.instagram.com\/hezagonobrasil\/\",\"https:\/\/www.linkedin.com\/company\/hezagonobrasil\/\"]}]}<\/script>\n<!-- \/ Yoast SEO plugin. -->","yoast_head_json":{"title":"Or\u00e7amento - Hezagono | Projetos de m\u00eddia OOH","description":"Or\u00e7amento de m\u00eddia OOH e outdoor com a Hezagono. Solicite sua proposta e descubra como transformar cidades com publicidade de impacto.","robots":{"index":"index","follow":"follow","max-snippet":"max-snippet:-1","max-image-preview":"max-image-preview:large","max-video-preview":"max-video-preview:-1"},"canonical":"https:\/\/hezagonobrasil.com.br\/en\/orcamento\/","og_locale":"en_US","og_type":"article","og_title":"Or\u00e7amento - Hezagono | Projetos de m\u00eddia OOH","og_description":"Or\u00e7amento de m\u00eddia OOH e outdoor com a Hezagono. Solicite sua proposta e descubra como transformar cidades com publicidade de impacto.","og_url":"https:\/\/hezagonobrasil.com.br\/en\/orcamento\/","og_site_name":"Hezagono","article_publisher":"https:\/\/www.facebook.com\/HezagonoBrasil\/","article_modified_time":"2025-09-15T20:23:44+00:00","twitter_card":"summary_large_image","twitter_misc":{"Est. reading time":"1 minute"},"schema":{"@context":"https:\/\/schema.org","@graph":[{"@type":"WebPage","@id":"https:\/\/hezagonobrasil.com.br\/orcamento\/","url":"https:\/\/hezagonobrasil.com.br\/orcamento\/","name":"Or\u00e7amento - Hezagono | Projetos de m\u00eddia OOH","isPartOf":{"@id":"https:\/\/hezagonobrasil.com.br\/#website"},"datePublished":"2020-08-03T16:20:19+00:00","dateModified":"2025-09-15T20:23:44+00:00","description":"Or\u00e7amento de m\u00eddia OOH e outdoor com a Hezagono. Solicite sua proposta e descubra como transformar cidades com publicidade de impacto.","breadcrumb":{"@id":"https:\/\/hezagonobrasil.com.br\/orcamento\/#breadcrumb"},"inLanguage":"en-US","potentialAction":[{"@type":"ReadAction","target":["https:\/\/hezagonobrasil.com.br\/orcamento\/"]}]},{"@type":"BreadcrumbList","@id":"https:\/\/hezagonobrasil.com.br\/orcamento\/#breadcrumb","itemListElement":[{"@type":"ListItem","position":1,"name":"In\u00edcio","item":"https:\/\/hezagonobrasil.com.br\/"},{"@type":"ListItem","position":2,"name":"Or\u00e7amento"}]},{"@type":"WebSite","@id":"https:\/\/hezagonobrasil.com.br\/#website","url":"https:\/\/hezagonobrasil.com.br\/","name":"Hezagono","description":"Planejamento, estrat\u00e9gia e coordena\u00e7\u00e3o de campanhas com m\u00eddia OOH.","publisher":{"@id":"https:\/\/hezagonobrasil.com.br\/#organization"},"potentialAction":[{"@type":"SearchAction","target":{"@type":"EntryPoint","urlTemplate":"https:\/\/hezagonobrasil.com.br\/?s={search_term_string}"},"query-input":"required name=search_term_string"}],"inLanguage":"en-US"},{"@type":"Organization","@id":"https:\/\/hezagonobrasil.com.br\/#organization","name":"Hezagono","url":"https:\/\/hezagonobrasil.com.br\/","logo":{"@type":"ImageObject","inLanguage":"en-US","@id":"https:\/\/hezagonobrasil.com.br\/#\/schema\/logo\/image\/","url":"https:\/\/hezagonobrasil.com.br\/wp-content\/uploads\/2020\/08\/hezagono-logo-final.png","contentUrl":"https:\/\/hezagonobrasil.com.br\/wp-content\/uploads\/2020\/08\/hezagono-logo-final.png","width":873,"height":291,"caption":"Hezagono"},"image":{"@id":"https:\/\/hezagonobrasil.com.br\/#\/schema\/logo\/image\/"},"sameAs":["https:\/\/www.facebook.com\/HezagonoBrasil\/","https:\/\/www.instagram.com\/hezagonobrasil\/","https:\/\/www.linkedin.com\/company\/hezagonobrasil\/"]}]}},"_links":{"self":[{"href":"https:\/\/hezagonobrasil.com.br\/en\/wp-json\/wp\/v2\/pages\/165"}],"collection":[{"href":"https:\/\/hezagonobrasil.com.br\/en\/wp-json\/wp\/v2\/pages"}],"about":[{"href":"https:\/\/hezagonobrasil.com.br\/en\/wp-json\/wp\/v2\/types\/page"}],"author":[{"embeddable":true,"href":"https:\/\/hezagonobrasil.com.br\/en\/wp-json\/wp\/v2\/users\/1"}],"replies":[{"embeddable":true,"href":"https:\/\/hezagonobrasil.com.br\/en\/wp-json\/wp\/v2\/comments?post=165"}],"version-history":[{"count":7,"href":"https:\/\/hezagonobrasil.com.br\/en\/wp-json\/wp\/v2\/pages\/165\/revisions"}],"predecessor-version":[{"id":872,"href":"https:\/\/hezagonobrasil.com.br\/en\/wp-json\/wp\/v2\/pages\/165\/revisions\/872"}],"wp:attachment":[{"href":"https:\/\/hezagonobrasil.com.br\/en\/wp-json\/wp\/v2\/media?parent=165"}],"curies":[{"name":"wp","href":"https:\/\/api.w.org\/{rel}","templated":true}]}}