{"id":157,"date":"2020-08-03T13:19:30","date_gmt":"2020-08-03T16:19:30","guid":{"rendered":"https:\/\/hezagonobrasil.com.br\/?page_id=157"},"modified":"2025-09-15T17:18:26","modified_gmt":"2025-09-15T20:18:26","slug":"cases","status":"publish","type":"page","link":"https:\/\/hezagonobrasil.com.br\/en\/cases\/","title":{"rendered":"Cases"},"content":{"rendered":"<div data-elementor-type=\"wp-page\" data-elementor-id=\"157\" class=\"elementor elementor-157\" data-elementor-settings=\"[]\">\n\t\t\t<div class=\"elementor-inner\">\n\t\t\t\t<div class=\"elementor-section-wrap\">\n\t\t\t\t\t\t\t<section class=\"elementor-element elementor-element-57c0b042 elementor-section-full_width elementor-section-content-top elementor-reverse-tablet elementor-reverse-mobile elementor-section-height-default elementor-section-height-default elementor-section elementor-top-section\" data-id=\"57c0b042\" data-element_type=\"section\">\n\t\t\t\t\t\t<div class=\"elementor-container elementor-column-gap-no\">\n\t\t\t\t<div class=\"elementor-row\">\n\t\t\t\t<div class=\"elementor-element elementor-element-5ea72ba8 elementor-column elementor-col-50 elementor-top-column\" data-id=\"5ea72ba8\" data-element_type=\"column\">\n\t\t\t<div class=\"elementor-column-wrap  elementor-element-populated\">\n\t\t\t\t\t<div class=\"elementor-widget-wrap\">\n\t\t\t\t<section class=\"elementor-element elementor-element-3b6eade2 elementor-section-boxed elementor-section-height-default elementor-section-height-default elementor-section elementor-inner-section\" data-id=\"3b6eade2\" data-element_type=\"section\">\n\t\t\t\t\t\t<div class=\"elementor-container elementor-column-gap-default\">\n\t\t\t\t<div class=\"elementor-row\">\n\t\t\t\t<div class=\"elementor-element elementor-element-4290dcf elementor-hidden-tablet elementor-column elementor-col-50 elementor-inner-column\" data-id=\"4290dcf\" data-element_type=\"column\">\n\t\t\t<div class=\"elementor-column-wrap  elementor-element-populated\">\n\t\t\t\t\t<div class=\"elementor-widget-wrap\">\n\t\t\t\t<div class=\"elementor-element elementor-element-3ffdb85f elementor-widget elementor-widget-spacer\" data-id=\"3ffdb85f\" data-element_type=\"widget\" data-widget_type=\"spacer.default\">\n\t\t\t\t<div class=\"elementor-widget-container\">\n\t\t\t\t\t<div class=\"elementor-spacer\">\n\t\t\t<div class=\"elementor-spacer-inner\"><\/div>\n\t\t<\/div>\n\t\t\t\t<\/div>\n\t\t\t\t<\/div>\n\t\t\t\t\t\t<\/div>\n\t\t\t<\/div>\n\t\t<\/div>\n\t\t\t\t<div class=\"elementor-element elementor-element-47c8aab4 elementor-column elementor-col-50 elementor-inner-column\" data-id=\"47c8aab4\" data-element_type=\"column\">\n\t\t\t<div class=\"elementor-column-wrap  elementor-element-populated\">\n\t\t\t\t\t<div class=\"elementor-widget-wrap\">\n\t\t\t\t<div class=\"elementor-element elementor-element-52ae2485 elementor-widget elementor-widget-heading\" data-id=\"52ae2485\" data-element_type=\"widget\" data-widget_type=\"heading.default\">\n\t\t\t\t<div class=\"elementor-widget-container\">\n\t\t\t<h1 class=\"elementor-heading-title elementor-size-default\">Nossos Cases<\/h1>\t\t<\/div>\n\t\t\t\t<\/div>\n\t\t\t\t<div class=\"elementor-element elementor-element-35c5e9ed elementor-widget elementor-widget-text-editor\" data-id=\"35c5e9ed\" data-element_type=\"widget\" data-widget_type=\"text-editor.default\">\n\t\t\t\t<div class=\"elementor-widget-container\">\n\t\t\t\t\t<div class=\"elementor-text-editor elementor-clearfix\"><p><span style=\"font-weight: 400;\">Conhe\u00e7a abaixo um pouco do nosso trabalho e nossos clientes.<\/span><\/p><\/div>\n\t\t\t\t<\/div>\n\t\t\t\t<\/div>\n\t\t\t\t<div class=\"elementor-element elementor-element-408a71e4 elementor-align-left elementor-tablet-align-center elementor-mobile-align-center elementor-widget__width-auto elementor-widget-mobile__width-inherit elementor-hidden-tablet elementor-widget elementor-widget-button\" data-id=\"408a71e4\" data-element_type=\"widget\" data-widget_type=\"button.default\">\n\t\t\t\t<div class=\"elementor-widget-container\">\n\t\t\t\t\t<div class=\"elementor-button-wrapper\">\n\t\t\t<a href=\"#primeiroCase\" class=\"elementor-button-link elementor-button elementor-size-md\" role=\"button\">\n\t\t\t\t\t\t<span class=\"elementor-button-content-wrapper\">\n\t\t\t\t\t\t<span class=\"elementor-button-text\">Learn more<\/span>\n\t\t<\/span>\n\t\t\t\t\t<\/a>\n\t\t<\/div>\n\t\t\t\t<\/div>\n\t\t\t\t<\/div>\n\t\t\t\t<div class=\"elementor-element elementor-element-33c6b1c5 elementor-align-left elementor-tablet-align-center elementor-mobile-align-center elementor-widget__width-auto elementor-hidden-tablet elementor-hidden-phone elementor-widget elementor-widget-button\" data-id=\"33c6b1c5\" data-element_type=\"widget\" data-widget_type=\"button.default\">\n\t\t\t\t<div class=\"elementor-widget-container\">\n\t\t\t\t\t<div class=\"elementor-button-wrapper\">\n\t\t\t<a href=\"https:\/\/api.whatsapp.com\/send?phone=5521995870649\" target=\"_blank\" rel=\"nofollow\" class=\"elementor-button-link elementor-button elementor-size-md\" role=\"button\">\n\t\t\t\t\t\t<span class=\"elementor-button-content-wrapper\">\n\t\t\t\t\t\t<span class=\"elementor-button-icon elementor-align-icon-right\">\n\t\t\t\t<i aria-hidden=\"true\" class=\"fas fa-long-arrow-alt-right\"><\/i>\t\t\t<\/span>\n\t\t\t\t\t\t<span class=\"elementor-button-text\">Contact us<\/span>\n\t\t<\/span>\n\t\t\t\t\t<\/a>\n\t\t<\/div>\n\t\t\t\t<\/div>\n\t\t\t\t<\/div>\n\t\t\t\t\t\t<\/div>\n\t\t\t<\/div>\n\t\t<\/div>\n\t\t\t\t\t\t<\/div>\n\t\t\t<\/div>\n\t\t<\/section>\n\t\t\t\t\t\t<\/div>\n\t\t\t<\/div>\n\t\t<\/div>\n\t\t\t\t<div class=\"elementor-element elementor-element-67f0b923 elementor-column elementor-col-50 elementor-top-column\" data-id=\"67f0b923\" data-element_type=\"column\">\n\t\t\t<div class=\"elementor-column-wrap  elementor-element-populated\">\n\t\t\t\t\t<div class=\"elementor-widget-wrap\">\n\t\t\t\t<div class=\"elementor-element elementor-element-45a13662 elementor-widget elementor-widget-image\" data-id=\"45a13662\" data-element_type=\"widget\" data-widget_type=\"image.default\">\n\t\t\t\t<div class=\"elementor-widget-container\">\n\t\t\t\t\t<div class=\"elementor-image\">\n\t\t\t\t\t\t\t\t\t\t<img decoding=\"async\" src=\"https:\/\/hezagonobrasil.com.br\/wp-content\/uploads\/elementor\/thumbs\/cases-v6-ouzb2154rbhd9g5mj0bqoultgni3ih0kj97w1rip7s.jpg\" title=\"cases-v6\" alt=\"cases-v6\" \/>\t\t\t\t\t\t\t\t\t\t\t<\/div>\n\t\t\t\t<\/div>\n\t\t\t\t<\/div>\n\t\t\t\t\t\t<\/div>\n\t\t\t<\/div>\n\t\t<\/div>\n\t\t\t\t\t\t<\/div>\n\t\t\t<\/div>\n\t\t<\/section>\n\t\t\t\t<section class=\"elementor-element elementor-element-206cf8ee elementor-hidden-phone elementor-section-boxed elementor-section-height-default elementor-section-height-default elementor-section elementor-top-section\" data-id=\"206cf8ee\" data-element_type=\"section\">\n\t\t\t\t\t\t<div class=\"elementor-container elementor-column-gap-default\">\n\t\t\t\t<div class=\"elementor-row\">\n\t\t\t\t<div class=\"elementor-element elementor-element-30b4eb13 elementor-column elementor-col-100 elementor-top-column\" data-id=\"30b4eb13\" data-element_type=\"column\">\n\t\t\t<div class=\"elementor-column-wrap  elementor-element-populated\">\n\t\t\t\t\t<div class=\"elementor-widget-wrap\">\n\t\t\t\t<div class=\"elementor-element elementor-element-54212fbf elementor-align-center elementor-invisible elementor-widget elementor-widget-button\" data-id=\"54212fbf\" data-element_type=\"widget\" data-settings=\"{&quot;motion_fx_motion_fx_mouse&quot;:&quot;yes&quot;,&quot;motion_fx_mouseTrack_effect&quot;:&quot;yes&quot;,&quot;motion_fx_mouseTrack_speed&quot;:{&quot;unit&quot;:&quot;px&quot;,&quot;size&quot;:0.4,&quot;sizes&quot;:[]},&quot;_animation&quot;:&quot;none&quot;}\" data-widget_type=\"button.default\">\n\t\t\t\t<div class=\"elementor-widget-container\">\n\t\t\t\t\t<div class=\"elementor-button-wrapper\">\n\t\t\t<a href=\"#primeiroCase\" class=\"elementor-button-link elementor-button elementor-size-sm\" role=\"button\">\n\t\t\t\t\t\t<span class=\"elementor-button-content-wrapper\">\n\t\t\t\t\t\t<span class=\"elementor-button-icon elementor-align-icon-left\">\n\t\t\t\t<i aria-hidden=\"true\" class=\"fas fa-long-arrow-alt-down\"><\/i>\t\t\t<\/span>\n\t\t\t\t\t\t<span class=\"elementor-button-text\"><\/span>\n\t\t<\/span>\n\t\t\t\t\t<\/a>\n\t\t<\/div>\n\t\t\t\t<\/div>\n\t\t\t\t<\/div>\n\t\t\t\t\t\t<\/div>\n\t\t\t<\/div>\n\t\t<\/div>\n\t\t\t\t\t\t<\/div>\n\t\t\t<\/div>\n\t\t<\/section>\n\t\t\t\t<section class=\"elementor-element elementor-element-396a3640 elementor-section-boxed elementor-section-height-default elementor-section-height-default elementor-section elementor-top-section\" data-id=\"396a3640\" data-element_type=\"section\" id=\"primeiroCase\">\n\t\t\t\t\t\t<div class=\"elementor-container elementor-column-gap-default\">\n\t\t\t\t<div class=\"elementor-row\">\n\t\t\t\t<div class=\"elementor-element elementor-element-29a78f91 elementor-column elementor-col-100 elementor-top-column\" data-id=\"29a78f91\" data-element_type=\"column\">\n\t\t\t<div class=\"elementor-column-wrap  elementor-element-populated\">\n\t\t\t\t\t<div class=\"elementor-widget-wrap\">\n\t\t\t\t<div class=\"elementor-element elementor-element-e3b1712 elementor-grid-3 elementor-grid-tablet-2 elementor-grid-mobile-1 elementor-widget elementor-widget-portfolio\" data-id=\"e3b1712\" data-element_type=\"widget\" data-settings=\"{&quot;item_ratio&quot;:{&quot;unit&quot;:&quot;px&quot;,&quot;size&quot;:0.85,&quot;sizes&quot;:[]},&quot;row_gap&quot;:{&quot;unit&quot;:&quot;px&quot;,&quot;size&quot;:30,&quot;sizes&quot;:[]},&quot;columns&quot;:&quot;3&quot;,&quot;columns_tablet&quot;:&quot;2&quot;,&quot;columns_mobile&quot;:&quot;1&quot;,&quot;item_gap&quot;:{&quot;unit&quot;:&quot;px&quot;,&quot;size&quot;:&quot;&quot;,&quot;sizes&quot;:[]}}\" data-widget_type=\"portfolio.default\">\n\t\t\t\t<div class=\"elementor-widget-container\">\n\t\t\t\t\t<ul class=\"elementor-portfolio__filters\">\n\t\t\t<li class=\"elementor-portfolio__filter elementor-active\" data-filter=\"__all\">All<\/li>\n\t\t\t\t\t\t\t<li class=\"elementor-portfolio__filter\" data-filter=\"10\">Empena<\/li>\n\t\t\t\t\t\t\t<li class=\"elementor-portfolio__filter\" data-filter=\"13\">Painel Frontlight<\/li>\n\t\t\t\t\t\t\t<li class=\"elementor-portfolio__filter\" data-filter=\"11\">Painel de LED<\/li>\n\t\t\t\t\t\t\t<li class=\"elementor-portfolio__filter\" data-filter=\"15\">Projeto Especial<\/li>\n\t\t\t\t\t<\/ul>\n\t\t\t\t<div class=\"elementor-portfolio elementor-grid elementor-posts-container\">\n\t\t\t\t<article class=\"elementor-portfolio-item elementor-post elementor-filter-13 post-750 cases type-cases status-publish has-post-thumbnail hentry tipo_case-painel-frontlight wpbf-post\">\n\t\t\t<a class=\"elementor-post__thumbnail__link\" href=\"https:\/\/hezagonobrasil.com.br\/en\/cases\/case-frontlight\/\">\n\t\t\t\t<div class=\"elementor-portfolio-item__img elementor-post__thumbnail\">\n\t\t\t<img decoding=\"async\" width=\"300\" height=\"200\" src=\"https:\/\/hezagonobrasil.com.br\/wp-content\/uploads\/2020\/08\/hezagono-insta-painel-12-300x200.png\" class=\"attachment-medium size-medium\" alt=\"\" srcset=\"https:\/\/hezagonobrasil.com.br\/wp-content\/uploads\/2020\/08\/hezagono-insta-painel-12-300x200.png 300w, https:\/\/hezagonobrasil.com.br\/wp-content\/uploads\/2020\/08\/hezagono-insta-painel-12.png 600w\" sizes=\"(max-width: 300px) 100vw, 300px\" \/>\t\t<\/div>\n\t\t\t\t<div class=\"elementor-portfolio-item__overlay\">\n\t\t\t\t<h3 class=\"elementor-portfolio-item__title\">\n\t\tNetflix e a campanha sequencial\t\t<\/h3>\n\t\t\t\t<\/div>\n\t\t\t\t<\/a>\n\t\t<\/article>\n\t\t\t\t<article class=\"elementor-portfolio-item elementor-post elementor-filter-10 elementor-filter-15 post-578 cases type-cases status-publish has-post-thumbnail hentry tipo_case-empena tipo_case-projeto-especial wpbf-post\">\n\t\t\t<a class=\"elementor-post__thumbnail__link\" href=\"https:\/\/hezagonobrasil.com.br\/en\/cases\/graffiti-em-empena-em-tempo-real\/\">\n\t\t\t\t<div class=\"elementor-portfolio-item__img elementor-post__thumbnail\">\n\t\t\t<img decoding=\"async\" width=\"300\" height=\"190\" src=\"https:\/\/hezagonobrasil.com.br\/wp-content\/uploads\/2020\/08\/Picture2-300x190.png\" class=\"attachment-medium size-medium\" alt=\"\" srcset=\"https:\/\/hezagonobrasil.com.br\/wp-content\/uploads\/2020\/08\/Picture2-300x190.png 300w, https:\/\/hezagonobrasil.com.br\/wp-content\/uploads\/2020\/08\/Picture2-768x487.png 768w, https:\/\/hezagonobrasil.com.br\/wp-content\/uploads\/2020\/08\/Picture2.png 836w\" sizes=\"(max-width: 300px) 100vw, 300px\" \/>\t\t<\/div>\n\t\t\t\t<div class=\"elementor-portfolio-item__overlay\">\n\t\t\t\t<h3 class=\"elementor-portfolio-item__title\">\n\t\tReal-time gable wall graffiti\t\t<\/h3>\n\t\t\t\t<\/div>\n\t\t\t\t<\/a>\n\t\t<\/article>\n\t\t\t\t<article class=\"elementor-portfolio-item elementor-post elementor-filter-10 elementor-filter-15 post-577 cases type-cases status-publish has-post-thumbnail hentry tipo_case-empena tipo_case-projeto-especial wpbf-post\">\n\t\t\t<a class=\"elementor-post__thumbnail__link\" href=\"https:\/\/hezagonobrasil.com.br\/en\/cases\/projecao-interativa-com-redes-sociais-para-oreo\/\">\n\t\t\t\t<div class=\"elementor-portfolio-item__img elementor-post__thumbnail\">\n\t\t\t<img decoding=\"async\" width=\"300\" height=\"300\" src=\"https:\/\/hezagonobrasil.com.br\/wp-content\/uploads\/2020\/08\/Picture1-300x300.png\" class=\"attachment-medium size-medium\" alt=\"m\u00eddia externa\" srcset=\"https:\/\/hezagonobrasil.com.br\/wp-content\/uploads\/2020\/08\/Picture1-300x300.png 300w, https:\/\/hezagonobrasil.com.br\/wp-content\/uploads\/2020\/08\/Picture1-150x150.png 150w, https:\/\/hezagonobrasil.com.br\/wp-content\/uploads\/2020\/08\/Picture1.png 766w\" sizes=\"(max-width: 300px) 100vw, 300px\" \/>\t\t<\/div>\n\t\t\t\t<div class=\"elementor-portfolio-item__overlay\">\n\t\t\t\t<h3 class=\"elementor-portfolio-item__title\">\n\t\tInteractive Projection with Social Media for Oreo\t\t<\/h3>\n\t\t\t\t<\/div>\n\t\t\t\t<\/a>\n\t\t<\/article>\n\t\t\t\t<article class=\"elementor-portfolio-item elementor-post elementor-filter-11 elementor-filter-15 post-549 cases type-cases status-publish has-post-thumbnail hentry tipo_case-painel-de-led tipo_case-projeto-especial wpbf-post\">\n\t\t\t<a class=\"elementor-post__thumbnail__link\" href=\"https:\/\/hezagonobrasil.com.br\/en\/cases\/mc-donalds-uma-promocao-dia\/\">\n\t\t\t\t<div class=\"elementor-portfolio-item__img elementor-post__thumbnail\">\n\t\t\t<img decoding=\"async\" width=\"300\" height=\"200\" src=\"https:\/\/hezagonobrasil.com.br\/wp-content\/uploads\/2020\/08\/painel-led-hezagono-segunda-mc-donalds-1-300x200.jpg\" class=\"attachment-medium size-medium\" alt=\"\" srcset=\"https:\/\/hezagonobrasil.com.br\/wp-content\/uploads\/2020\/08\/painel-led-hezagono-segunda-mc-donalds-1-300x200.jpg 300w, https:\/\/hezagonobrasil.com.br\/wp-content\/uploads\/2020\/08\/painel-led-hezagono-segunda-mc-donalds-1-1024x683.jpg 1024w, https:\/\/hezagonobrasil.com.br\/wp-content\/uploads\/2020\/08\/painel-led-hezagono-segunda-mc-donalds-1-768x512.jpg 768w, https:\/\/hezagonobrasil.com.br\/wp-content\/uploads\/2020\/08\/painel-led-hezagono-segunda-mc-donalds-1-1536x1024.jpg 1536w, https:\/\/hezagonobrasil.com.br\/wp-content\/uploads\/2020\/08\/painel-led-hezagono-segunda-mc-donalds-1-2048x1365.jpg 2048w\" sizes=\"(max-width: 300px) 100vw, 300px\" \/>\t\t<\/div>\n\t\t\t\t<div class=\"elementor-portfolio-item__overlay\">\n\t\t\t\t<h3 class=\"elementor-portfolio-item__title\">\n\t\tUma promo\u00e7\u00e3o por dia\t\t<\/h3>\n\t\t\t\t<\/div>\n\t\t\t\t<\/a>\n\t\t<\/article>\n\t\t\t\t<\/div>\n\t\t\t\t<\/div>\n\t\t\t\t<\/div>\n\t\t\t\t\t\t<\/div>\n\t\t\t<\/div>\n\t\t<\/div>\n\t\t\t\t\t\t<\/div>\n\t\t\t<\/div>\n\t\t<\/section>\n\t\t\t\t\t\t<\/div>\n\t\t\t<\/div>\n\t\t<\/div>","protected":false},"excerpt":{"rendered":"<p>Nossos Cases Conhe\u00e7a abaixo um pouco do nosso trabalho e nossos clientes. Saiba mais Entre em contato<\/p>","protected":false},"author":1,"featured_media":0,"parent":0,"menu_order":0,"comment_status":"closed","ping_status":"closed","template":"elementor_header_footer","meta":{"footnotes":""},"yoast_head":"<!-- This site is optimized with the Yoast SEO plugin v22.4 - https:\/\/yoast.com\/wordpress\/plugins\/seo\/ -->\n<title>Cases - Hezagono | Projetos de m\u00eddia OOH e impacto urbano<\/title>\n<meta name=\"description\" content=\"Cases Hezagono: exemplos de m\u00eddia OOH, marketing de impacto e ativa\u00e7\u00f5es que revitalizam espa\u00e7os urbanos e conectam marcas a pessoas.\" \/>\n<meta name=\"robots\" content=\"index, follow, max-snippet:-1, max-image-preview:large, max-video-preview:-1\" \/>\n<link rel=\"canonical\" href=\"https:\/\/hezagonobrasil.com.br\/en\/cases\/\" \/>\n<meta property=\"og:locale\" content=\"en_US\" \/>\n<meta property=\"og:type\" content=\"article\" \/>\n<meta property=\"og:title\" content=\"Cases - Hezagono | Projetos de m\u00eddia OOH e impacto urbano\" \/>\n<meta property=\"og:description\" content=\"Cases Hezagono: exemplos de m\u00eddia OOH, marketing de impacto e ativa\u00e7\u00f5es que revitalizam espa\u00e7os urbanos e conectam marcas a pessoas.\" \/>\n<meta property=\"og:url\" content=\"https:\/\/hezagonobrasil.com.br\/en\/cases\/\" \/>\n<meta property=\"og:site_name\" content=\"Hezagono\" \/>\n<meta property=\"article:publisher\" content=\"https:\/\/www.facebook.com\/HezagonoBrasil\/\" \/>\n<meta property=\"article:modified_time\" content=\"2025-09-15T20:18:26+00:00\" \/>\n<meta property=\"og:image\" content=\"https:\/\/hezagonobrasil.com.br\/wp-content\/uploads\/elementor\/thumbs\/cases-v6-otwxriqaarmxlyosfg8dg5u44r5c4s7n3vj5glihpk.jpg\" \/>\n<meta name=\"twitter:card\" content=\"summary_large_image\" \/>\n<meta name=\"twitter:label1\" content=\"Est. reading time\" \/>\n\t<meta name=\"twitter:data1\" content=\"1 minute\" \/>\n<script type=\"application\/ld+json\" class=\"yoast-schema-graph\">{\"@context\":\"https:\/\/schema.org\",\"@graph\":[{\"@type\":\"WebPage\",\"@id\":\"https:\/\/hezagonobrasil.com.br\/cases\/\",\"url\":\"https:\/\/hezagonobrasil.com.br\/cases\/\",\"name\":\"Cases - Hezagono | Projetos de m\u00eddia OOH e impacto urbano\",\"isPartOf\":{\"@id\":\"https:\/\/hezagonobrasil.com.br\/#website\"},\"primaryImageOfPage\":{\"@id\":\"https:\/\/hezagonobrasil.com.br\/cases\/#primaryimage\"},\"image\":{\"@id\":\"https:\/\/hezagonobrasil.com.br\/cases\/#primaryimage\"},\"thumbnailUrl\":\"https:\/\/hezagonobrasil.com.br\/wp-content\/uploads\/elementor\/thumbs\/cases-v6-otwxriqaarmxlyosfg8dg5u44r5c4s7n3vj5glihpk.jpg\",\"datePublished\":\"2020-08-03T16:19:30+00:00\",\"dateModified\":\"2025-09-15T20:18:26+00:00\",\"description\":\"Cases Hezagono: exemplos de m\u00eddia OOH, marketing de impacto e ativa\u00e7\u00f5es que revitalizam espa\u00e7os urbanos e conectam marcas a pessoas.\",\"breadcrumb\":{\"@id\":\"https:\/\/hezagonobrasil.com.br\/cases\/#breadcrumb\"},\"inLanguage\":\"en-US\",\"potentialAction\":[{\"@type\":\"ReadAction\",\"target\":[\"https:\/\/hezagonobrasil.com.br\/cases\/\"]}]},{\"@type\":\"ImageObject\",\"inLanguage\":\"en-US\",\"@id\":\"https:\/\/hezagonobrasil.com.br\/cases\/#primaryimage\",\"url\":\"https:\/\/hezagonobrasil.com.br\/wp-content\/uploads\/elementor\/thumbs\/cases-v6-otwxriqaarmxlyosfg8dg5u44r5c4s7n3vj5glihpk.jpg\",\"contentUrl\":\"https:\/\/hezagonobrasil.com.br\/wp-content\/uploads\/elementor\/thumbs\/cases-v6-otwxriqaarmxlyosfg8dg5u44r5c4s7n3vj5glihpk.jpg\"},{\"@type\":\"BreadcrumbList\",\"@id\":\"https:\/\/hezagonobrasil.com.br\/cases\/#breadcrumb\",\"itemListElement\":[{\"@type\":\"ListItem\",\"position\":1,\"name\":\"In\u00edcio\",\"item\":\"https:\/\/hezagonobrasil.com.br\/\"},{\"@type\":\"ListItem\",\"position\":2,\"name\":\"Cases\"}]},{\"@type\":\"WebSite\",\"@id\":\"https:\/\/hezagonobrasil.com.br\/#website\",\"url\":\"https:\/\/hezagonobrasil.com.br\/\",\"name\":\"Hezagono\",\"description\":\"Planejamento, estrat\u00e9gia e coordena\u00e7\u00e3o de campanhas com m\u00eddia OOH.\",\"publisher\":{\"@id\":\"https:\/\/hezagonobrasil.com.br\/#organization\"},\"potentialAction\":[{\"@type\":\"SearchAction\",\"target\":{\"@type\":\"EntryPoint\",\"urlTemplate\":\"https:\/\/hezagonobrasil.com.br\/?s={search_term_string}\"},\"query-input\":\"required name=search_term_string\"}],\"inLanguage\":\"en-US\"},{\"@type\":\"Organization\",\"@id\":\"https:\/\/hezagonobrasil.com.br\/#organization\",\"name\":\"Hezagono\",\"url\":\"https:\/\/hezagonobrasil.com.br\/\",\"logo\":{\"@type\":\"ImageObject\",\"inLanguage\":\"en-US\",\"@id\":\"https:\/\/hezagonobrasil.com.br\/#\/schema\/logo\/image\/\",\"url\":\"https:\/\/hezagonobrasil.com.br\/wp-content\/uploads\/2020\/08\/hezagono-logo-final.png\",\"contentUrl\":\"https:\/\/hezagonobrasil.com.br\/wp-content\/uploads\/2020\/08\/hezagono-logo-final.png\",\"width\":873,\"height\":291,\"caption\":\"Hezagono\"},\"image\":{\"@id\":\"https:\/\/hezagonobrasil.com.br\/#\/schema\/logo\/image\/\"},\"sameAs\":[\"https:\/\/www.facebook.com\/HezagonoBrasil\/\",\"https:\/\/www.instagram.com\/hezagonobrasil\/\",\"https:\/\/www.linkedin.com\/company\/hezagonobrasil\/\"]}]}<\/script>\n<!-- \/ Yoast SEO plugin. -->","yoast_head_json":{"title":"Cases - Hezagono | Projetos de m\u00eddia OOH e impacto urbano","description":"Cases Hezagono: exemplos de m\u00eddia OOH, marketing de impacto e ativa\u00e7\u00f5es que revitalizam espa\u00e7os urbanos e conectam marcas a pessoas.","robots":{"index":"index","follow":"follow","max-snippet":"max-snippet:-1","max-image-preview":"max-image-preview:large","max-video-preview":"max-video-preview:-1"},"canonical":"https:\/\/hezagonobrasil.com.br\/en\/cases\/","og_locale":"en_US","og_type":"article","og_title":"Cases - Hezagono | Projetos de m\u00eddia OOH e impacto urbano","og_description":"Cases Hezagono: exemplos de m\u00eddia OOH, marketing de impacto e ativa\u00e7\u00f5es que revitalizam espa\u00e7os urbanos e conectam marcas a pessoas.","og_url":"https:\/\/hezagonobrasil.com.br\/en\/cases\/","og_site_name":"Hezagono","article_publisher":"https:\/\/www.facebook.com\/HezagonoBrasil\/","article_modified_time":"2025-09-15T20:18:26+00:00","og_image":[{"url":"https:\/\/hezagonobrasil.com.br\/wp-content\/uploads\/elementor\/thumbs\/cases-v6-otwxriqaarmxlyosfg8dg5u44r5c4s7n3vj5glihpk.jpg"}],"twitter_card":"summary_large_image","twitter_misc":{"Est. reading time":"1 minute"},"schema":{"@context":"https:\/\/schema.org","@graph":[{"@type":"WebPage","@id":"https:\/\/hezagonobrasil.com.br\/cases\/","url":"https:\/\/hezagonobrasil.com.br\/cases\/","name":"Cases - Hezagono | Projetos de m\u00eddia OOH e impacto urbano","isPartOf":{"@id":"https:\/\/hezagonobrasil.com.br\/#website"},"primaryImageOfPage":{"@id":"https:\/\/hezagonobrasil.com.br\/cases\/#primaryimage"},"image":{"@id":"https:\/\/hezagonobrasil.com.br\/cases\/#primaryimage"},"thumbnailUrl":"https:\/\/hezagonobrasil.com.br\/wp-content\/uploads\/elementor\/thumbs\/cases-v6-otwxriqaarmxlyosfg8dg5u44r5c4s7n3vj5glihpk.jpg","datePublished":"2020-08-03T16:19:30+00:00","dateModified":"2025-09-15T20:18:26+00:00","description":"Cases Hezagono: exemplos de m\u00eddia OOH, marketing de impacto e ativa\u00e7\u00f5es que revitalizam espa\u00e7os urbanos e conectam marcas a pessoas.","breadcrumb":{"@id":"https:\/\/hezagonobrasil.com.br\/cases\/#breadcrumb"},"inLanguage":"en-US","potentialAction":[{"@type":"ReadAction","target":["https:\/\/hezagonobrasil.com.br\/cases\/"]}]},{"@type":"ImageObject","inLanguage":"en-US","@id":"https:\/\/hezagonobrasil.com.br\/cases\/#primaryimage","url":"https:\/\/hezagonobrasil.com.br\/wp-content\/uploads\/elementor\/thumbs\/cases-v6-otwxriqaarmxlyosfg8dg5u44r5c4s7n3vj5glihpk.jpg","contentUrl":"https:\/\/hezagonobrasil.com.br\/wp-content\/uploads\/elementor\/thumbs\/cases-v6-otwxriqaarmxlyosfg8dg5u44r5c4s7n3vj5glihpk.jpg"},{"@type":"BreadcrumbList","@id":"https:\/\/hezagonobrasil.com.br\/cases\/#breadcrumb","itemListElement":[{"@type":"ListItem","position":1,"name":"In\u00edcio","item":"https:\/\/hezagonobrasil.com.br\/"},{"@type":"ListItem","position":2,"name":"Cases"}]},{"@type":"WebSite","@id":"https:\/\/hezagonobrasil.com.br\/#website","url":"https:\/\/hezagonobrasil.com.br\/","name":"Hezagono","description":"Planejamento, estrat\u00e9gia e coordena\u00e7\u00e3o de campanhas com m\u00eddia OOH.","publisher":{"@id":"https:\/\/hezagonobrasil.com.br\/#organization"},"potentialAction":[{"@type":"SearchAction","target":{"@type":"EntryPoint","urlTemplate":"https:\/\/hezagonobrasil.com.br\/?s={search_term_string}"},"query-input":"required name=search_term_string"}],"inLanguage":"en-US"},{"@type":"Organization","@id":"https:\/\/hezagonobrasil.com.br\/#organization","name":"Hezagono","url":"https:\/\/hezagonobrasil.com.br\/","logo":{"@type":"ImageObject","inLanguage":"en-US","@id":"https:\/\/hezagonobrasil.com.br\/#\/schema\/logo\/image\/","url":"https:\/\/hezagonobrasil.com.br\/wp-content\/uploads\/2020\/08\/hezagono-logo-final.png","contentUrl":"https:\/\/hezagonobrasil.com.br\/wp-content\/uploads\/2020\/08\/hezagono-logo-final.png","width":873,"height":291,"caption":"Hezagono"},"image":{"@id":"https:\/\/hezagonobrasil.com.br\/#\/schema\/logo\/image\/"},"sameAs":["https:\/\/www.facebook.com\/HezagonoBrasil\/","https:\/\/www.instagram.com\/hezagonobrasil\/","https:\/\/www.linkedin.com\/company\/hezagonobrasil\/"]}]}},"_links":{"self":[{"href":"https:\/\/hezagonobrasil.com.br\/en\/wp-json\/wp\/v2\/pages\/157"}],"collection":[{"href":"https:\/\/hezagonobrasil.com.br\/en\/wp-json\/wp\/v2\/pages"}],"about":[{"href":"https:\/\/hezagonobrasil.com.br\/en\/wp-json\/wp\/v2\/types\/page"}],"author":[{"embeddable":true,"href":"https:\/\/hezagonobrasil.com.br\/en\/wp-json\/wp\/v2\/users\/1"}],"replies":[{"embeddable":true,"href":"https:\/\/hezagonobrasil.com.br\/en\/wp-json\/wp\/v2\/comments?post=157"}],"version-history":[{"count":1,"href":"https:\/\/hezagonobrasil.com.br\/en\/wp-json\/wp\/v2\/pages\/157\/revisions"}],"predecessor-version":[{"id":951,"href":"https:\/\/hezagonobrasil.com.br\/en\/wp-json\/wp\/v2\/pages\/157\/revisions\/951"}],"wp:attachment":[{"href":"https:\/\/hezagonobrasil.com.br\/en\/wp-json\/wp\/v2\/media?parent=157"}],"curies":[{"name":"wp","href":"https:\/\/api.w.org\/{rel}","templated":true}]}}